{"id":63,"date":"2025-01-11T21:48:49","date_gmt":"2025-01-11T20:48:49","guid":{"rendered":"https:\/\/daydream-project.com\/?page_id=63"},"modified":"2025-02-07T10:52:38","modified_gmt":"2025-02-07T09:52:38","slug":"home","status":"publish","type":"page","link":"https:\/\/daydream-project.com\/en\/","title":{"rendered":"Home"},"content":{"rendered":"<blockquote class=\"wp-block-quote is-style-plain is-layout-flow wp-block-quote-is-layout-flow is-style-plain--1\">\n<p class=\"is-style-text-annotation has-border-color has-large-font-size is-style-text-annotation--2\" style=\"border-color:#2a56a8;border-width:2px\">Professional language services &amp; intercultural skills: daydream project<strong> daydream project<\/strong> <\/p>\n\n\n\n<p class=\"is-style-default has-large-font-size\">Are you looking for ... <mark style=\"background-color:rgba(0, 0, 0, 0)\" class=\"has-inline-color has-accent-3-color\"><strong>high-quality translations<\/strong><\/mark>, reliable<strong><mark style=\"background-color:rgba(0, 0, 0, 0)\" class=\"has-inline-color has-accent-3-color\"> interpreting support for client meetings or bureaucratic matters<\/mark><\/strong> in Germany, Portugal or online, ... professional <strong><mark style=\"background-color:rgba(0, 0, 0, 0)\" class=\"has-inline-color has-accent-3-color\">consecutive interpreting at public events<\/mark><\/strong> in the fields of humanities, politics &amp; sustainability, ... an <strong><mark style=\"background-color:rgba(0, 0, 0, 0)\" class=\"has-inline-color has-accent-3-color\">interpreter for your video conferences or telephone calls<\/mark><\/strong> for German, English and Portuguese? <\/p>\n\n\n\n<figure class=\"wp-block-image alignright size-full is-resized\"><img loading=\"lazy\" decoding=\"async\" width=\"773\" height=\"263\" src=\"https:\/\/daydream-project.com\/wp-content\/uploads\/2025\/02\/lingatel-logo-3.png\" alt=\"\" class=\"wp-image-408\" style=\"width:165px;height:auto\" srcset=\"https:\/\/daydream-project.com\/wp-content\/uploads\/2025\/02\/lingatel-logo-3.png 773w, https:\/\/daydream-project.com\/wp-content\/uploads\/2025\/02\/lingatel-logo-3-300x102.png 300w, https:\/\/daydream-project.com\/wp-content\/uploads\/2025\/02\/lingatel-logo-3-768x261.png 768w, https:\/\/daydream-project.com\/wp-content\/uploads\/2025\/02\/lingatel-logo-3-18x6.png 18w\" sizes=\"auto, (max-width: 773px) 100vw, 773px\" \/><\/figure>\n\n\n\n<p class=\"is-style-text-annotation has-border-color has-medium-font-size is-style-text-annotation--3\" style=\"border-color:#3f65b8;border-width:2px\">&#8222;<em>Seit 6 Jahren arbeiten wir mit der freiberuflichen Dolmetscherin Frau M\u00e4rzh\u00e4user zusammen und sind \u00e4u\u00dferst zufrieden mit ihrer Arbeit.                                                                                                   Sie \u00fcberzeugt durch fachliche Kompetenz, pr\u00e4zises Dolmetschen, hohe Empathie und ein sicheres Verst\u00e4ndnis auch komplexer Fachterminologie.<br>Unsere Kunden sch\u00e4tzen die professionelle und gleichzeitig empathische Atmosph\u00e4re, die Frau M\u00e4rzh\u00e4user in jedes Gespr\u00e4ch bringt.<\/em>&#8222;<\/p>\n\n\n\n<p class=\"is-style-default has-large-font-size\">Are you looking for <strong><mark style=\"background-color:rgba(0, 0, 0, 0)\" class=\"has-inline-color has-accent-3-color\">linguistically &amp; pedagogically well-founded language lessons<\/mark><\/strong>to learn a new language or improve your language skills in German, English, Portuguese, French or Spanish? Book your <strong><mark style=\"background-color:rgba(0, 0, 0, 0)\" class=\"has-inline-color has-accent-3-color\">online language lessons or theater-based language workshops<\/mark><\/strong> in Pr\u00e4senz f\u00fcr sich, Mitarbeitende oder Bildungsinstitutionen?<\/p>\n\n\n\n<p class=\"is-style-default has-large-font-size\">Did you move to Germany or a you planning to do so, and you feel you need <strong><mark style=\"background-color:rgba(0, 0, 0, 0)\" class=\"has-inline-color has-accent-3-color\">Intercultural assistence<\/mark><\/strong> bei der Vorbereitung aufs Auswandern, der Eingew\u00f6hnung in die neue Umgebung, b\u00fcrokratischen Angelegenheiten, Kontakten zu Dienstleistern (z.B. bei Immobilien- &amp; Autokauf, Handwerker, medizinischer Bereich), Bildungsinstitutionen f\u00fcr sich &amp; Ihre Familie oder Ihre Mitarbeitenden?<\/p>\n\n\n\n<p>Explore the services offered by daydream project!<\/p>\n\n\n\n<h2 class=\"wp-block-heading has-text-align-center\">Language services<\/h2>\n<\/blockquote>\n\n\n\n<div class=\"wp-block-columns is-layout-flex wp-container-core-columns-is-layout-28f84493 wp-block-columns-is-layout-flex\">\n<div class=\"wp-block-column is-layout-flow wp-block-column-is-layout-flow\">\n<p class=\"has-text-align-center\">Translations &amp; Interpreting<\/p>\n\n\n\n<div class=\"wp-block-buttons is-content-justification-center is-layout-flex wp-container-core-buttons-is-layout-a89b3969 wp-block-buttons-is-layout-flex\">\n<div class=\"wp-block-button has-custom-font-size is-style-fill has-medium-font-size\"><a class=\"wp-block-button__link has-accent-3-background-color has-background has-text-align-center wp-element-button\" href=\"https:\/\/daydream-project.com\/en\/dolmetschen-uebersetzungen\/\">Portuguese, English, German, French, Capeverdean<\/a><\/div>\n<\/div>\n<\/div>\n\n\n\n<div class=\"wp-block-column is-layout-flow wp-block-column-is-layout-flow\">\n<p class=\"has-text-align-center\">Language teaching &amp; training<\/p>\n\n\n\n<div class=\"wp-block-buttons is-content-justification-center is-layout-flex wp-container-core-buttons-is-layout-a89b3969 wp-block-buttons-is-layout-flex\">\n<div class=\"wp-block-button\"><a class=\"wp-block-button__link has-accent-3-background-color has-background wp-element-button\" href=\"https:\/\/daydream-project.com\/en\/sprachunterricht\/\">Portuguese, English, German, French, Capeverdean<\/a><\/div>\n<\/div>\n<\/div>\n<\/div>\n\n\n\n<div style=\"height:4px\" aria-hidden=\"true\" class=\"wp-block-spacer\"><\/div>\n\n\n\n<p class=\"has-text-align-center is-style-default has-x-large-font-size\">Intercultural assistance<\/p>\n\n\n\n<div class=\"wp-block-buttons is-content-justification-center is-layout-flex wp-container-core-buttons-is-layout-a89b3969 wp-block-buttons-is-layout-flex\">\n<div class=\"wp-block-button has-custom-font-size has-large-font-size\"><a class=\"wp-block-button__link has-accent-3-background-color has-background wp-element-button\" href=\"https:\/\/daydream-project.com\/en\/interkulturelle-assistenz\/\">in Germany, Portugal &amp; Online<\/a><\/div>\n<\/div>\n\n\n\n<p><br>Please inquire about our services, prices &amp; conditions via our <a href=\"https:\/\/daydream-project.com\/en\/kontakt\/\" data-type=\"page\" data-id=\"59\"><mark style=\"background-color:rgba(0, 0, 0, 0)\" class=\"has-inline-color has-accent-3-color\">contact form<\/mark><\/a>.<\/p>\n\n\n\n<p class=\"has-medium-font-size\"><strong><mark style=\"background-color:rgba(0, 0, 0, 0)\" class=\"has-inline-color has-accent-3-color\">Scientific talks, workshops &amp; classes<\/mark><\/strong> on topics in Romance linguistics, language contact, creolistics, music &amp; language, rap analysis, multilingualism and language acquisition  available on request.        <\/p>\n\n\n\n<figure class=\"wp-block-image size-large\"><img loading=\"lazy\" decoding=\"async\" width=\"1024\" height=\"683\" src=\"https:\/\/daydream-project.com\/wp-content\/uploads\/2025\/01\/bridge-and-cityscape-porto-portugal-1024x683.jpg\" alt=\"\" class=\"wp-image-194\" srcset=\"https:\/\/daydream-project.com\/wp-content\/uploads\/2025\/01\/bridge-and-cityscape-porto-portugal-1024x683.jpg 1024w, https:\/\/daydream-project.com\/wp-content\/uploads\/2025\/01\/bridge-and-cityscape-porto-portugal-300x200.jpg 300w, https:\/\/daydream-project.com\/wp-content\/uploads\/2025\/01\/bridge-and-cityscape-porto-portugal-768x512.jpg 768w, https:\/\/daydream-project.com\/wp-content\/uploads\/2025\/01\/bridge-and-cityscape-porto-portugal-1536x1024.jpg 1536w, https:\/\/daydream-project.com\/wp-content\/uploads\/2025\/01\/bridge-and-cityscape-porto-portugal-2048x1365.jpg 2048w, https:\/\/daydream-project.com\/wp-content\/uploads\/2025\/01\/bridge-and-cityscape-porto-portugal-18x12.jpg 18w\" sizes=\"auto, (max-width: 1024px) 100vw, 1024px\" \/><\/figure>\n\n\n\n<blockquote class=\"wp-block-quote is-layout-flow wp-block-quote-is-layout-flow\">\n<p><mark style=\"background-color:rgba(0, 0, 0, 0)\" class=\"has-inline-color has-accent-3-color\"><em>Understanding languages and other cultures builds bridges. It is the fastest way to bring the world closer together and to truth. Through understanding, people will be able to see their similarities before differences<\/em>. <\/mark><\/p>\n\n\n\n<p class=\"has-text-align-right has-medium-font-size\">(Suzy Kassem<em><mark style=\"background-color:rgba(0, 0, 0, 0)\" class=\"has-inline-color has-accent-3-color\"><\/mark><\/em>)<br><\/p>\n<\/blockquote>\n\n\n\n<p><\/p>\n\n\n\n<p><\/p>\n\n\n\n<hr class=\"wp-block-separator has-alpha-channel-opacity\"\/>","protected":false},"excerpt":{"rendered":"<p>\u00dcbersetzen &amp; Dolmetschen Sprachunterricht Interkulturelle Assistenz N\u00e4heres zu unseren Preisen &amp; Konditionen erhalten Sie auf Anfrage \u00fcber das daydream project Kontaktformular. Wissenschaftliche Vortr\u00e4ge, Workshops &amp; Kurse zu Themen der Romanistischen Linguistik, Kreolistik, Musik &amp; Sprache, Mehrsprachigkeit und Spracherwerb sind auf Anfrage m\u00f6glich. Understanding languages and other cultures builds bridges. It is the fastest way to [&hellip;]<\/p>\n","protected":false},"author":1,"featured_media":56,"parent":0,"menu_order":0,"comment_status":"closed","ping_status":"closed","template":"","meta":{"footnotes":""},"class_list":["post-63","page","type-page","status-publish","has-post-thumbnail","hentry"],"_links":{"self":[{"href":"https:\/\/daydream-project.com\/en\/wp-json\/wp\/v2\/pages\/63","targetHints":{"allow":["GET"]}}],"collection":[{"href":"https:\/\/daydream-project.com\/en\/wp-json\/wp\/v2\/pages"}],"about":[{"href":"https:\/\/daydream-project.com\/en\/wp-json\/wp\/v2\/types\/page"}],"author":[{"embeddable":true,"href":"https:\/\/daydream-project.com\/en\/wp-json\/wp\/v2\/users\/1"}],"replies":[{"embeddable":true,"href":"https:\/\/daydream-project.com\/en\/wp-json\/wp\/v2\/comments?post=63"}],"version-history":[{"count":10,"href":"https:\/\/daydream-project.com\/en\/wp-json\/wp\/v2\/pages\/63\/revisions"}],"predecessor-version":[{"id":421,"href":"https:\/\/daydream-project.com\/en\/wp-json\/wp\/v2\/pages\/63\/revisions\/421"}],"wp:featuredmedia":[{"embeddable":true,"href":"https:\/\/daydream-project.com\/en\/wp-json\/wp\/v2\/media\/56"}],"wp:attachment":[{"href":"https:\/\/daydream-project.com\/en\/wp-json\/wp\/v2\/media?parent=63"}],"curies":[{"name":"wp","href":"https:\/\/api.w.org\/{rel}","templated":true}]}}