{"id":41,"date":"2025-01-11T21:22:13","date_gmt":"2025-01-11T20:22:13","guid":{"rendered":"https:\/\/daydream-project.com\/?page_id=41"},"modified":"2025-11-06T16:23:34","modified_gmt":"2025-11-06T15:23:34","slug":"interkulturelle-assistenz","status":"publish","type":"page","link":"https:\/\/daydream-project.com\/en\/interkulturelle-assistenz\/","title":{"rendered":"Intercultural assistance\u00a0"},"content":{"rendered":"<hr class=\"wp-block-separator has-alpha-channel-opacity\"\/>\n\n\n\n<figure class=\"wp-block-pullquote has-x-large-font-size\"><blockquote><p><em><mark style=\"background-color:rgba(0, 0, 0, 0);color:#436dbc\" class=\"has-inline-color\">Working towards a society <\/mark><\/em><em><mark style=\"background-color:rgba(0, 0, 0, 0);color:#436dbc\" class=\"has-inline-color\">free from discrimination &amp; racism<br>concerns us all!<\/mark><\/em><\/p><\/blockquote><\/figure>\n\n\n\n<h2 class=\"wp-block-heading is-style-default has-background has-large-font-size\" style=\"background-color:#a7cee6\">Anti-discrimination workshops for schools<\/h2>\n\n\n\n<div class=\"wp-block-group has-global-padding is-layout-constrained wp-block-group-is-layout-constrained\">\n<div class=\"wp-block-group has-global-padding is-layout-constrained wp-block-group-is-layout-constrained\">\n<p>We support school through our <mark style=\"background-color:rgba(0, 0, 0, 0)\" class=\"has-inline-color has-accent-3-color\"><strong>theatre-based workshops for school classes<\/strong><\/mark> on the topic of stereotypes, prejudice, discrimination &amp; racism.<\/p>\n\n\n\n<div class=\"wp-block-buttons is-layout-flex wp-block-buttons-is-layout-flex\">\n<div class=\"wp-block-button\"><a class=\"wp-block-button__link has-accent-3-background-color has-background has-text-align-center wp-element-button\" href=\"https:\/\/www.lerato.de\/anti-diskriminierungs-workshop\/\">&#8222;Ich, Du, Wir \u2013 die &#8218;Anderen'&#8220;<\/a><\/div>\n<\/div>\n\n\n\n<p>This workshop can be financed through various funding programs. Booking for <mark style=\"background-color:rgba(0, 0, 0, 0)\" class=\"has-inline-color has-accent-3-color\">schools in Mannheim<\/mark> via <a href=\"http:\/\/p595259.webspaceconfig.de\/index.php?id=36\"><u><mark style=\"background-color:rgba(0, 0, 0, 0)\" class=\"has-inline-color has-accent-3-color\">Center for Global Learning<\/mark><\/u><\/a>.<\/p>\n\n\n\n<figure class=\"wp-block-image aligncenter size-full\"><img loading=\"lazy\" decoding=\"async\" width=\"425\" height=\"301\" src=\"https:\/\/daydream-project.com\/wp-content\/uploads\/2025\/01\/Augen2-web.jpg\" alt=\"\" class=\"wp-image-288\" srcset=\"https:\/\/daydream-project.com\/wp-content\/uploads\/2025\/01\/Augen2-web.jpg 425w, https:\/\/daydream-project.com\/wp-content\/uploads\/2025\/01\/Augen2-web-300x212.jpg 300w, https:\/\/daydream-project.com\/wp-content\/uploads\/2025\/01\/Augen2-web-18x12.jpg 18w\" sizes=\"auto, (max-width: 425px) 100vw, 425px\" \/><\/figure>\n\n\n\n<p class=\"has-text-align-center is-style-default has-small-font-size\">Bildrechte: Lerato Gartner<\/p>\n\n\n\n<p>Besides language competences, <mark style=\"background-color:rgba(0, 0, 0, 0)\" class=\"has-inline-color has-accent-3-color\">intercultural competences<\/mark> are key to open new doors along your professional career, for settling down in a new country &amp; to do business successfully.  <\/p>\n<\/div>\n<\/div>\n\n\n\n<h2 class=\"wp-block-heading has-background has-large-font-size\" style=\"background-color:#aed2e7\">Mehrsprachigkeit p\u00e4dagogisch kompetent begleiten &#8211; Trainings &amp; Beratung f\u00fcr p\u00e4dagogische Fachkr\u00e4fte &amp; Eltern<\/h2>\n\n\n\n<p class=\"has-contrast-color has-text-color has-link-color wp-elements-d357a6cc02fb4d8bcb49708e68c93a7b\">Um Kinder beim mehrsprachig Aufwachsen sinnvoll zu begleiten brauchen Kita-Fachpersonal, Eltern und Lehrkr\u00e4fte gute Handlungskompetenzen f\u00fcr die Praxis. In diesem Kurs werden wichtige Aspekte bi- oder multilingualer Sprachentwicklung sowie praktische Handlungskompetenzen f\u00fcr mehrsprachige Erziehung &amp; Bildung erarbeitet. Unser <strong><mark style=\"background-color:rgba(0, 0, 0, 0);color:#5392e9\" class=\"has-inline-color\">hybrides Kursangebot<\/mark><\/strong> umfasst:<\/p>\n\n\n\n<ul class=\"wp-block-list\">\n<li>4-st\u00fcndiges<mark style=\"background-color:rgba(0, 0, 0, 0);color:#3496f0\" class=\"has-inline-color\"> <strong>Pr\u00e4senz-Training<\/strong><\/mark> zu mehrsprachigem Aufwachsen &amp; p\u00e4dagogischer Praxis<\/li>\n\n\n\n<li>Begleitete <strong><mark style=\"background-color:rgba(0, 0, 0, 0);color:#5e95ec\" class=\"has-inline-color\">Online-Lernphase<\/mark><\/strong> mit Praxisreflexion (f\u00fcr eine Dauer von 2 Monaten)<\/li>\n\n\n\n<li>(virtuelle)<strong> <\/strong><mark style=\"background-color:rgba(0, 0, 0, 0);color:#4e8aea\" class=\"has-inline-color\"><strong>Mehrsprachigkeitswerkstatt<\/strong> <\/mark>mit Praxis-Beispielen, Konzeptionsarbeit &amp; Qualit\u00e4tsmanagement, ggf. Vorbereitung des Elternabends, Abschlussreflexion<\/li>\n<\/ul>\n\n\n\n<p>Weitere buchbare Angebote:<\/p>\n\n\n\n<ul class=\"wp-block-list\">\n<li>Referenten-<strong><mark style=\"background-color:rgba(0, 0, 0, 0);color:#6ca4f1\" class=\"has-inline-color\">Vortrag f\u00fcr Elternabend<\/mark><\/strong> zum Thema <em>Mehrsprachig erziehen<\/em> <\/li>\n\n\n\n<li>(Virtuelle)<strong><mark style=\"background-color:rgba(0, 0, 0, 0);color:#76afea\" class=\"has-inline-color\"> 1:1 Beratungsgespr\u00e4che<\/mark><\/strong> f\u00fcr Kita-Leitung &amp; -Fachkr\u00e4fte sowie anderes p\u00e4dagogisches Personal <\/li>\n\n\n\n<li>Unterst\u00fctzung bei<mark style=\"background-color:rgba(0, 0, 0, 0);color:#6b95e3\" class=\"has-inline-color\"> <strong>Konzeptions-Entwicklung<\/strong><\/mark> im Bereich <em>sprachliche Bildung, Literacy &amp; Mehrsprachigkeit<\/em> f\u00fcr Kitas bzw. Kita-Tr\u00e4ger<\/li>\n\n\n\n<li>virtuelle <strong><mark style=\"background-color:rgba(0, 0, 0, 0);color:#60a5f7\" class=\"has-inline-color\">Begleitung bei Elterngespr\u00e4chen<\/mark><\/strong> mit Themenschwerpunkt Umgang mit Mehrsprachigkeit<\/li>\n<\/ul>\n\n\n\n<h2 class=\"wp-block-heading has-background has-large-font-size\" style=\"background-color:#aed2e7\">Intercultural sensibilsation before moving abroad &amp; for companies<\/h2>\n\n\n\n<figure class=\"wp-block-image aligncenter size-full\" style=\"margin-top:var(--wp--preset--spacing--20);margin-right:var(--wp--preset--spacing--20);margin-bottom:var(--wp--preset--spacing--20);margin-left:var(--wp--preset--spacing--20)\"><img loading=\"lazy\" decoding=\"async\" width=\"1200\" height=\"326\" src=\"https:\/\/daydream-project.com\/wp-content\/uploads\/2025\/01\/Interkulturelle-Assistenz.jpg\" alt=\"Interkulturelle-Assistenz\" class=\"wp-image-58\" srcset=\"https:\/\/daydream-project.com\/wp-content\/uploads\/2025\/01\/Interkulturelle-Assistenz.jpg 1200w, https:\/\/daydream-project.com\/wp-content\/uploads\/2025\/01\/Interkulturelle-Assistenz-300x82.jpg 300w, https:\/\/daydream-project.com\/wp-content\/uploads\/2025\/01\/Interkulturelle-Assistenz-1024x278.jpg 1024w, https:\/\/daydream-project.com\/wp-content\/uploads\/2025\/01\/Interkulturelle-Assistenz-768x209.jpg 768w\" sizes=\"auto, (max-width: 1200px) 100vw, 1200px\" \/><figcaption class=\"wp-element-caption\">Intercultural Assistance by daydream project<\/figcaption><\/figure>\n\n\n\n<p>The step of <mark style=\"background-color:rgba(0, 0, 0, 0)\" class=\"has-inline-color has-accent-3-color\"><strong>moving abroad to a new country<\/strong><\/mark> or <strong><mark style=\"background-color:rgba(0, 0, 0, 0)\" class=\"has-inline-color has-accent-3-color\">returning to your home country from abroad<\/mark><\/strong> poses challenges for each of us - and for the people around us: (understanding) adaption processes, new strategies &amp; social networks, numerous organisational tasks ... Would you like to find support for you and your family? Our services can help you in a number of ways.<br><\/p>\n\n\n\n<p>For <strong><mark style=\"background-color:rgba(0, 0, 0, 0)\" class=\"has-inline-color has-accent-3-color\">companies<\/mark><\/strong> and <strong><mark style=\"background-color:rgba(0, 0, 0, 0)\" class=\"has-inline-color has-accent-3-color\">educational institutions<\/mark><\/strong> employees from abroad &amp; <strong><mark style=\"background-color:rgba(0, 0, 0, 0)\" class=\"has-inline-color has-accent-3-color\">diversity in teams<\/mark><\/strong> can be a great gain - provided communication and cooperation work well in your team. However, all differences between people can trigger conflicts and misunderstanding on a daily basis. <strong><mark style=\"background-color:rgba(0, 0, 0, 0)\" class=\"has-inline-color has-accent-3-color\">Intercultural sensibilisation<\/mark><\/strong> through workshops and counseling, especially regarding differences in communication, can help to develop a real <strong><mark style=\"background-color:rgba(0, 0, 0, 0)\" class=\"has-inline-color has-accent-3-color\">welcome culture<\/mark><\/strong> in your company or institution, to successfully realize <strong><mark style=\"background-color:rgba(0, 0, 0, 0)\" class=\"has-inline-color has-accent-3-color\">business project in a foreign environment<\/mark><\/strong> and to improve <strong><mark style=\"background-color:rgba(0, 0, 0, 0)\" class=\"has-inline-color has-accent-3-color\">integration<\/mark><\/strong> of your employees and their families.<br><\/p>\n\n\n\n<p>daydream project offers<\/p>\n\n\n\n<ul class=\"wp-block-list\">\n<li>Counseling &amp; training <mark style=\"background-color:rgba(0, 0, 0, 0)\" class=\"has-inline-color has-accent-3-color\">on dealing with cultural diversity<\/mark> in your company, in educational institutions and in families' everyday lifes.<\/li>\n\n\n\n<li>General and culture-specific intercultural trainings <mark style=\"background-color:rgba(0, 0, 0, 0)\" class=\"has-inline-color has-accent-3-color\">before \/ after going abroad<\/mark> for your employees and their families.<\/li>\n\n\n\n<li>Do you share my <mark style=\"background-color:rgba(0, 0, 0, 0)\" class=\"has-inline-color has-accent-3-color\">discrimination-free professional world?<\/mark>Support schools standing up agains racism by sponsoring anti-discrimination workshops!<\/li>\n<\/ul>\n\n\n\n<p><br>For further information, please use our <mark style=\"background-color:rgba(0, 0, 0, 0)\" class=\"has-inline-color has-accent-3-color\"><a href=\"https:\/\/daydream-project.com\/en\/kontakt\/\" data-type=\"page\" data-id=\"59\">contact form<\/a> <\/mark>We're happy to give you details on prices and conditions.<\/p>","protected":false},"excerpt":{"rendered":"<p>Die Mitarbeit an einer Gesellschaft frei von Diskriminierung &amp; Rassismusgeht uns alle an! Anti-Diskriminierungs-Workshops f\u00fcr Schulklassen Wir unterst\u00fctzen Schulen durch theaterp\u00e4dagogische Workshops f\u00fcr Schulklassen zum Thema Stereotypen, Vorurteile, Diskriminierung &amp; Rassismus. Der Workshop kann aus verschiedenen F\u00f6rderprogrammen finanziert werden. Buchung f\u00fcr Mannheimer Schulen \u00fcber das Zentrum f\u00fcr Globales Lernen. Bildrechte: Lerato Gartner Neben Sprachkenntnissen sind [&hellip;]<\/p>\n","protected":false},"author":1,"featured_media":0,"parent":0,"menu_order":0,"comment_status":"closed","ping_status":"closed","template":"","meta":{"footnotes":""},"class_list":["post-41","page","type-page","status-publish","hentry"],"_links":{"self":[{"href":"https:\/\/daydream-project.com\/en\/wp-json\/wp\/v2\/pages\/41","targetHints":{"allow":["GET"]}}],"collection":[{"href":"https:\/\/daydream-project.com\/en\/wp-json\/wp\/v2\/pages"}],"about":[{"href":"https:\/\/daydream-project.com\/en\/wp-json\/wp\/v2\/types\/page"}],"author":[{"embeddable":true,"href":"https:\/\/daydream-project.com\/en\/wp-json\/wp\/v2\/users\/1"}],"replies":[{"embeddable":true,"href":"https:\/\/daydream-project.com\/en\/wp-json\/wp\/v2\/comments?post=41"}],"version-history":[{"count":9,"href":"https:\/\/daydream-project.com\/en\/wp-json\/wp\/v2\/pages\/41\/revisions"}],"predecessor-version":[{"id":436,"href":"https:\/\/daydream-project.com\/en\/wp-json\/wp\/v2\/pages\/41\/revisions\/436"}],"wp:attachment":[{"href":"https:\/\/daydream-project.com\/en\/wp-json\/wp\/v2\/media?parent=41"}],"curies":[{"name":"wp","href":"https:\/\/api.w.org\/{rel}","templated":true}]}}