{"id":20,"date":"2025-01-11T20:56:16","date_gmt":"2025-01-11T19:56:16","guid":{"rendered":"https:\/\/daydream-project.com\/?page_id=20"},"modified":"2025-01-15T21:08:36","modified_gmt":"2025-01-15T20:08:36","slug":"sprachunterricht","status":"publish","type":"page","link":"https:\/\/daydream-project.com\/en\/sprachunterricht\/","title":{"rendered":"Language teaching &amp; training"},"content":{"rendered":"<hr class=\"wp-block-separator has-alpha-channel-opacity\"\/>\n\n\n\n<p class=\"translation-block\">Improve your language skills in<\/p>\n\n\n\n<ul class=\"wp-block-list\">\n<li>English<\/li>\n\n\n\n<li>Portuguese<\/li>\n\n\n\n<li>German as 2nd\/Foreign Language<\/li>\n\n\n\n<li>French<\/li>\n\n\n\n<li>Spanish<\/li>\n\n\n\n<li>Capeverdean<\/li>\n<\/ul>\n\n\n\n<p><mark style=\"background-color:rgba(0, 0, 0, 0)\" class=\"has-inline-color has-accent-3-color\"><strong>Language classes for all levels and subject areas tailored to your needs:<\/strong><\/mark><\/p>\n\n\n\n<ul class=\"wp-block-list\">\n<li>Conversation<\/li>\n\n\n\n<li>Oral &amp; written expression in the language<\/li>\n\n\n\n<li>Learning &amp; practicing grammar<\/li>\n\n\n\n<li>Pronunciation- &amp; presentation training<\/li>\n<\/ul>\n\n\n\n<p><strong><mark style=\"background-color:rgba(0, 0, 0, 0)\" class=\"has-inline-color has-accent-3-color\">Theater-based foreign language teaching<\/mark><\/strong><\/p>\n\n\n\n<p>In theatre-based language workshops for all levels of schooling you help your students' language competences grow in a playful manner, and learn new methods of working with language games.<\/p>\n\n\n\n<p><mark style=\"background-color:rgba(0, 0, 0, 0)\" class=\"has-inline-color has-accent-3-color\"><strong>In all my language classes<\/strong><\/mark><\/p>\n\n\n\n<ul class=\"wp-block-list\">\n<li>you acquire communicative competences<\/li>\n\n\n\n<li>you learn and internalize grammatical structures &amp; rules<\/li>\n\n\n\n<li>you receive input and tips &amp; tricks for vocabulary learning<\/li>\n\n\n\n<li>you improve your written expression &amp; reading capacities in the new language<\/li>\n\n\n\n<li>you can work on presentations in the new language<\/li>\n<\/ul>\n\n\n\n<p>... and maybe you even start to dream in the foreign language!<\/p>\n\n\n\n<p>Please get more information on my services - tailored to each customer's needs - and on prices &amp; conditions via daydream project's <strong><mark style=\"background-color:rgba(0, 0, 0, 0)\" class=\"has-inline-color has-accent-3-color\">contact form.<\/mark><\/strong><\/p>\n\n\n\n<figure class=\"wp-block-image size-large\"><img loading=\"lazy\" decoding=\"async\" width=\"1024\" height=\"278\" src=\"https:\/\/daydream-project.com\/wp-content\/uploads\/2025\/01\/mehrsprachigkeit2-1024x278.jpg\" alt=\"\" class=\"wp-image-85\" srcset=\"https:\/\/daydream-project.com\/wp-content\/uploads\/2025\/01\/mehrsprachigkeit2-1024x278.jpg 1024w, https:\/\/daydream-project.com\/wp-content\/uploads\/2025\/01\/mehrsprachigkeit2-300x82.jpg 300w, https:\/\/daydream-project.com\/wp-content\/uploads\/2025\/01\/mehrsprachigkeit2-768x209.jpg 768w, https:\/\/daydream-project.com\/wp-content\/uploads\/2025\/01\/mehrsprachigkeit2.jpg 1200w\" sizes=\"auto, (max-width: 1024px) 100vw, 1024px\" \/><\/figure>","protected":false},"excerpt":{"rendered":"<p>Online oder face2face, Einzel- und Gruppenunterricht f\u00fcr Kinder, Jugendliche und Erwachsene f\u00fcr die Sprachen Ma\u00dfgeschneidertes Kursprogramm f\u00fcr alle Sprachniveaus und Lernbereiche: Theaterp\u00e4dagogisches Angebot in der Fremdsprache: In unseren Theater-basierten Sprach-Workshops f\u00fcr alle Klassenstufen unterst\u00fctzen Sie die Sprachkenntnisse Ihrer Sch\u00fcler*innen spielerisch, und erweitern Ihren Methodenkoffer mit neuen Sprachspielen. In meinem Unterricht \u2026 und beginnen Sie vielleicht [&hellip;]<\/p>\n","protected":false},"author":1,"featured_media":0,"parent":0,"menu_order":0,"comment_status":"closed","ping_status":"closed","template":"","meta":{"footnotes":""},"class_list":["post-20","page","type-page","status-publish","hentry"],"_links":{"self":[{"href":"https:\/\/daydream-project.com\/en\/wp-json\/wp\/v2\/pages\/20","targetHints":{"allow":["GET"]}}],"collection":[{"href":"https:\/\/daydream-project.com\/en\/wp-json\/wp\/v2\/pages"}],"about":[{"href":"https:\/\/daydream-project.com\/en\/wp-json\/wp\/v2\/types\/page"}],"author":[{"embeddable":true,"href":"https:\/\/daydream-project.com\/en\/wp-json\/wp\/v2\/users\/1"}],"replies":[{"embeddable":true,"href":"https:\/\/daydream-project.com\/en\/wp-json\/wp\/v2\/comments?post=20"}],"version-history":[{"count":10,"href":"https:\/\/daydream-project.com\/en\/wp-json\/wp\/v2\/pages\/20\/revisions"}],"predecessor-version":[{"id":398,"href":"https:\/\/daydream-project.com\/en\/wp-json\/wp\/v2\/pages\/20\/revisions\/398"}],"wp:attachment":[{"href":"https:\/\/daydream-project.com\/en\/wp-json\/wp\/v2\/media?parent=20"}],"curies":[{"name":"wp","href":"https:\/\/api.w.org\/{rel}","templated":true}]}}