{"id":10,"date":"2025-01-11T20:32:58","date_gmt":"2025-01-11T19:32:58","guid":{"rendered":"https:\/\/daydream-project.com\/?page_id=10"},"modified":"2025-01-15T21:11:23","modified_gmt":"2025-01-15T20:11:23","slug":"dolmetschen-uebersetzungen","status":"publish","type":"page","link":"https:\/\/daydream-project.com\/en\/dolmetschen-uebersetzungen\/","title":{"rendered":"Interpreting &amp; translation services"},"content":{"rendered":"<hr class=\"wp-block-separator has-alpha-channel-opacity\"\/>\n\n\n\n<p><strong><mark style=\"background-color:rgba(0, 0, 0, 0)\" class=\"has-inline-color has-accent-3-color\">Interpreting<\/mark> <\/strong>(consecutive) and <strong><mark style=\"background-color:rgba(0, 0, 0, 0)\" class=\"has-inline-color has-accent-3-color\">translation<\/mark> <\/strong>services from \/ into the languages<\/p>\n\n\n\n<ul class=\"wp-block-list\">\n<li>German<\/li>\n\n\n\n<li>English<\/li>\n\n\n\n<li>Portuguese<\/li>\n\n\n\n<li>French<\/li>\n\n\n\n<li>Capeverdean<\/li>\n\n\n\n<li><\/li>\n<\/ul>\n\n\n\n<p>in the following <mark style=\"background-color:rgba(0, 0, 0, 0)\" class=\"has-inline-color has-accent-3-color\">areas of specialization<\/mark><\/p>\n\n\n\n<ul class=\"wp-block-list\">\n<li>Politics<\/li>\n\n\n\n<li>Administrative matters<\/li>\n\n\n\n<li>Humanities<\/li>\n\n\n\n<li>Arts &amp; Design<\/li>\n\n\n\n<li>Environment, sustainability &amp; agriculture<\/li>\n<\/ul>\n\n\n\n<p>Don\u2019t hesitate to send us private &amp; general texts for translation, they will be treated entirely confidential.<\/p>\n\n\n\n<p class=\"has-base-background-color has-background\"><strong><mark style=\"background-color:rgba(0, 0, 0, 0)\" class=\"has-inline-color has-accent-3-color\">Offers for private clients &amp; their families<\/mark><\/strong><\/p>\n\n\n\n<ul class=\"wp-block-list\">\n<li>Interpreting <mark style=\"background-color:rgba(0, 0, 0, 0)\" class=\"has-inline-color has-accent-3-color\">on site, via telephone or online<\/mark> in private matters, e.g. education and health  (German, Portuguese, English, French)<\/li>\n\n\n\n<li>Interpreting &amp; translating for <mark style=\"background-color:rgba(0, 0, 0, 0)\" class=\"has-inline-color has-accent-3-color\">administrative matters*<\/mark> (Germany &amp; Portugal)*<\/li>\n<\/ul>\n\n\n\n<p class=\"is-style-default has-base-background-color has-background\"><strong><mark style=\"background-color:rgba(0, 0, 0, 0)\" class=\"has-inline-color has-accent-3-color\">Offers for freelancers, companies &amp; their employees<\/mark><\/strong><\/p>\n\n\n\n<ul class=\"wp-block-list\">\n<li>Interpreting <mark style=\"background-color:rgba(0, 0, 0, 0)\" class=\"has-inline-color has-accent-3-color\">on site, via phone or online<\/mark><\/li>\n\n\n\n<li>Multilingual support with <mark style=\"background-color:rgba(0, 0, 0, 0)\" class=\"has-inline-color has-accent-3-color\">customer contact<\/mark>, at <mark style=\"background-color:rgba(0, 0, 0, 0)\" class=\"has-inline-color has-accent-3-color\">fairs &amp; events<\/mark><\/li>\n\n\n\n<li>Interpreting &amp; translating for <mark style=\"background-color:rgba(0, 0, 0, 0)\" class=\"has-inline-color has-accent-3-color\">administrative matters*<\/mark>*<\/li>\n<\/ul>\n\n\n\n<p class=\"has-medium-font-size\">*For oficially ceriftified translations, I'm happy to recommend qualified colleagues in Germany &amp; Portugal.<\/p>\n\n\n\n<p><br>Please get more information on my <mark style=\"background-color:rgba(0, 0, 0, 0)\" class=\"has-inline-color has-accent-3-color\">services<\/mark> - tailored to each customer's needs - and on <mark style=\"background-color:rgba(0, 0, 0, 0)\" class=\"has-inline-color has-accent-3-color\">prices &amp; conditions<\/mark> via our <a href=\"https:\/\/daydream-project.com\/en\/kontakt\/\" data-type=\"page\" data-id=\"59\"><mark style=\"background-color:rgba(0, 0, 0, 0)\" class=\"has-inline-color has-accent-3-color\">contact form.<\/mark><\/a><\/p>\n\n\n\n<figure class=\"wp-block-image size-large\"><img loading=\"lazy\" decoding=\"async\" width=\"1024\" height=\"278\" src=\"https:\/\/daydream-project.com\/wp-content\/uploads\/2025\/01\/sprachunterricht-language-teaching-1024x278.jpg\" alt=\"Sprachunterricht-language-teaching\" class=\"wp-image-23\" srcset=\"https:\/\/daydream-project.com\/wp-content\/uploads\/2025\/01\/sprachunterricht-language-teaching-1024x278.jpg 1024w, https:\/\/daydream-project.com\/wp-content\/uploads\/2025\/01\/sprachunterricht-language-teaching-300x82.jpg 300w, https:\/\/daydream-project.com\/wp-content\/uploads\/2025\/01\/sprachunterricht-language-teaching-768x209.jpg 768w, https:\/\/daydream-project.com\/wp-content\/uploads\/2025\/01\/sprachunterricht-language-teaching.jpg 1200w\" sizes=\"auto, (max-width: 1024px) 100vw, 1024px\" \/><figcaption class=\"wp-element-caption\">Sprachunterricht-language-teaching bei daydream project<\/figcaption><\/figure>","protected":false},"excerpt":{"rendered":"<p>Dolmetschen (konsekutiv) und \u00dcbersetzungen aus den \/ in die Sprachen in den Fachgebieten Gerne \u00fcbersetzen wir auch private &amp; allgemeinsprachliche Texte. Angebote f\u00fcr Privatpersonen &amp; Familien Angebote f\u00fcr Selbstst\u00e4ndige, Unternehmen &amp; Mitarbeitende *Gerne empfehlen wir Ihnen f\u00fcr beglaubigte \u00dcbersetzungen in Deutschland &amp; Portugal qualifizierte Kolleg*innen. N\u00e4heres zu Angeboten &#8211; ma\u00dfgeschneidert f\u00fcr Sie als Kunden, und [&hellip;]<\/p>\n","protected":false},"author":1,"featured_media":0,"parent":0,"menu_order":0,"comment_status":"closed","ping_status":"closed","template":"","meta":{"footnotes":""},"class_list":["post-10","page","type-page","status-publish","hentry"],"_links":{"self":[{"href":"https:\/\/daydream-project.com\/en\/wp-json\/wp\/v2\/pages\/10","targetHints":{"allow":["GET"]}}],"collection":[{"href":"https:\/\/daydream-project.com\/en\/wp-json\/wp\/v2\/pages"}],"about":[{"href":"https:\/\/daydream-project.com\/en\/wp-json\/wp\/v2\/types\/page"}],"author":[{"embeddable":true,"href":"https:\/\/daydream-project.com\/en\/wp-json\/wp\/v2\/users\/1"}],"replies":[{"embeddable":true,"href":"https:\/\/daydream-project.com\/en\/wp-json\/wp\/v2\/comments?post=10"}],"version-history":[{"count":10,"href":"https:\/\/daydream-project.com\/en\/wp-json\/wp\/v2\/pages\/10\/revisions"}],"predecessor-version":[{"id":400,"href":"https:\/\/daydream-project.com\/en\/wp-json\/wp\/v2\/pages\/10\/revisions\/400"}],"wp:attachment":[{"href":"https:\/\/daydream-project.com\/en\/wp-json\/wp\/v2\/media?parent=10"}],"curies":[{"name":"wp","href":"https:\/\/api.w.org\/{rel}","templated":true}]}}